{"id":14,"date":"2011-04-13T10:45:28","date_gmt":"2011-04-13T10:45:28","guid":{"rendered":"http:\/\/www.rubiini.org\/luchalibre\/?page_id=14"},"modified":"2011-07-22T08:25:15","modified_gmt":"2011-07-22T08:25:15","slug":"ilmoittautuminen","status":"publish","type":"page","link":"http:\/\/www.rubiini.org\/luchalibre\/ilmoittautuminen","title":{"rendered":"Tiketit"},"content":{"rendered":"<p>Hahmojako on nyt suoritettu, ja peli on t\u00e4ynn\u00e4. Jonoon tai npc-pelaajaksi voi edelleen ilmoittautua.<\/p>\n\n<div class=\"wpcf7 no-js\" id=\"wpcf7-f161-o1\" lang=\"\" dir=\"ltr\" data-wpcf7-id=\"161\">\n<div class=\"screen-reader-response\"><p role=\"status\" aria-live=\"polite\" aria-atomic=\"true\"><\/p> <ul><\/ul><\/div>\n<form action=\"\/luchalibre\/wp-json\/wp\/v2\/pages\/14#wpcf7-f161-o1\" method=\"post\" class=\"wpcf7-form init\" aria-label=\"Contact form\" enctype=\"multipart\/form-data\" novalidate=\"novalidate\" data-status=\"init\">\n<fieldset class=\"hidden-fields-container\"><input type=\"hidden\" name=\"_wpcf7\" value=\"161\" \/><input type=\"hidden\" name=\"_wpcf7_version\" value=\"6.1.4\" \/><input type=\"hidden\" name=\"_wpcf7_locale\" value=\"\" \/><input type=\"hidden\" name=\"_wpcf7_unit_tag\" value=\"wpcf7-f161-o1\" \/><input type=\"hidden\" name=\"_wpcf7_container_post\" value=\"0\" \/><input type=\"hidden\" name=\"_wpcf7_posted_data_hash\" value=\"\" \/>\n<\/fieldset>\n<p>Nimi (*)\n<\/p>\n<p><span class=\"wpcf7-form-control-wrap\" data-name=\"your-name\"><input size=\"40\" maxlength=\"400\" class=\"wpcf7-form-control wpcf7-text wpcf7-validates-as-required\" aria-required=\"true\" aria-invalid=\"false\" value=\"\" type=\"text\" name=\"your-name\" \/><\/span>\n<\/p>\n<p>S\u00e4hk\u00f6posti (*)\n<\/p>\n<p><span class=\"wpcf7-form-control-wrap\" data-name=\"your-email\"><input size=\"40\" maxlength=\"400\" class=\"wpcf7-form-control wpcf7-email wpcf7-validates-as-required wpcf7-text wpcf7-validates-as-email\" aria-required=\"true\" aria-invalid=\"false\" value=\"\" type=\"email\" name=\"your-email\" \/><\/span>\n<\/p>\n<p>Sukupuoli (*)\n<\/p>\n<p><span class=\"wpcf7-form-control-wrap\" data-name=\"sukupuoli\"><span class=\"wpcf7-form-control wpcf7-checkbox wpcf7-validates-as-required wpcf7-exclusive-checkbox\"><span class=\"wpcf7-list-item first\"><input type=\"checkbox\" name=\"sukupuoli\" value=\"Mies\" \/><span class=\"wpcf7-list-item-label\">Mies<\/span><\/span><span class=\"wpcf7-list-item last\"><input type=\"checkbox\" name=\"sukupuoli\" value=\"Nainen\" \/><span class=\"wpcf7-list-item-label\">Nainen<\/span><\/span><\/span><\/span>\n<\/p>\n<p>Syntym\u00e4vuosi (*)\n<\/p>\n<p><span class=\"wpcf7-form-control-wrap\" data-name=\"syntynyt\"><input size=\"40\" maxlength=\"4\" class=\"wpcf7-form-control wpcf7-text wpcf7-validates-as-required\" aria-required=\"true\" aria-invalid=\"false\" value=\"\" type=\"text\" name=\"syntynyt\" \/><\/span>\n<\/p>\n<p>Asuinkunta\n<\/p>\n<p><span class=\"wpcf7-form-control-wrap\" data-name=\"kunta\"><input size=\"40\" maxlength=\"30\" class=\"wpcf7-form-control wpcf7-text\" aria-invalid=\"false\" value=\"\" type=\"text\" name=\"kunta\" \/><\/span>\n<\/p>\n<p>Puhelin\n<\/p>\n<p><span class=\"wpcf7-form-control-wrap\" data-name=\"puhelin\"><input size=\"40\" maxlength=\"15\" class=\"wpcf7-form-control wpcf7-text\" aria-invalid=\"false\" value=\"\" type=\"text\" name=\"puhelin\" \/><\/span>\n<\/p>\n<p>Kuvaile ulkon\u00e4k\u00f6\u00e4si (pituus, ruumiinrakenne, hiusten v\u00e4ri, n\u00e4kyv\u00e4t l\u00e4vistykset jne), liit\u00e4 mukaan my\u00f6s linkki valokuvaasi (mik\u00e4li kuvaa sinusta ei l\u00f6ydy internetist\u00e4, sen voi my\u00f6s l\u00e4hett\u00e4\u00e4 pelinjohdolle t\u00e4m\u00e4n lomakkeen kent\u00e4ll\u00e4 \"L\u00e4het\u00e4 kuva\").\n<\/p>\n<p><span class=\"wpcf7-form-control-wrap\" data-name=\"ulkonako\"><textarea cols=\"40\" rows=\"10\" maxlength=\"2000\" class=\"wpcf7-form-control wpcf7-textarea\" aria-invalid=\"false\" name=\"ulkonako\"><\/textarea><\/span>\n<\/p>\n<p>L\u00e4het\u00e4 kuva\n<\/p>\n<p><span class=\"wpcf7-form-control-wrap\" data-name=\"kuva\"><input size=\"40\" class=\"wpcf7-form-control wpcf7-file\" accept=\".jpg,.gif,.png\" aria-invalid=\"false\" type=\"file\" name=\"kuva\" \/><\/span>\n<\/p>\n<p><br \/>\nOnko sinulla sellaisia allergioita, ruokavaliorajoitteita tai sairauksia, joista pelinjohdon pit\u00e4isi olla tietoinen?\n<\/p>\n<p><span class=\"wpcf7-form-control-wrap\" data-name=\"allergiat\"><textarea cols=\"40\" rows=\"10\" maxlength=\"2000\" class=\"wpcf7-form-control wpcf7-textarea\" aria-invalid=\"false\" name=\"allergiat\"><\/textarea><\/span>\n<\/p>\n<p>Aikaisempi liveroolipelikokemus (suunnilleen kuinka paljon millaisia pelej\u00e4 ja hahmoja)\n<\/p>\n<p><span class=\"wpcf7-form-control-wrap\" data-name=\"larppikokemus\"><textarea cols=\"40\" rows=\"10\" maxlength=\"2000\" class=\"wpcf7-form-control wpcf7-textarea\" aria-invalid=\"false\" name=\"larppikokemus\"><\/textarea><\/span>\n<\/p>\n<p>Onko sinulla joitakin erityistaitoja tai -tietoja, joita olisit valmis k\u00e4ytt\u00e4m\u00e4\u00e4n peliss\u00e4 (esim. taito soittaa Mariachi-musiikkia, ilma-akrobatia, turboviikset, tacon paisto, revolverin py\u00f6rittely, raja-aitoje ylittely )?\n<\/p>\n<p><span class=\"wpcf7-form-control-wrap\" data-name=\"erityistaito\"><textarea cols=\"40\" rows=\"10\" maxlength=\"2000\" class=\"wpcf7-form-control wpcf7-textarea\" aria-invalid=\"false\" name=\"erityistaito\"><\/textarea><\/span>\n<\/p>\n<p>Onko sinulla peliin sopivaa rekvisiittaa, jota olisit valmis tuomaan paikalle (vanhat jenkkiraudat ja monsteriautot, moottoripy\u00f6r\u00e4t, meksikokr\u00e4\u00e4s\u00e4\u00e4, kaktuspuku, aasi tms.)?\n<\/p>\n<p><span class=\"wpcf7-form-control-wrap\" data-name=\"rekvisiittaa\"><textarea cols=\"40\" rows=\"10\" maxlength=\"2000\" class=\"wpcf7-form-control wpcf7-textarea\" aria-invalid=\"false\" name=\"rekvisiittaa\"><\/textarea><\/span>\n<\/p>\n<p>Arvioi asteikolla 1-5 kuinka hyvin seuraavat kuvaavat toivomaasi hahmoa (1 = ei lainkaan, 3 = ihan sama, 5 = t\u00e4ysin)\n<\/p>\n<p><br \/>\nI\u00e4k\u00e4s hahmo (omaa ik\u00e4\u00e4ni selke\u00e4sti vanhempi)<br \/>\n<span class=\"wpcf7-form-control-wrap\" data-name=\"iakas\"><span class=\"wpcf7-form-control wpcf7-radio\"><span class=\"wpcf7-list-item first\"><input type=\"radio\" name=\"iakas\" value=\"1\" \/><span class=\"wpcf7-list-item-label\">1<\/span><\/span><span class=\"wpcf7-list-item\"><input type=\"radio\" name=\"iakas\" value=\"2\" \/><span class=\"wpcf7-list-item-label\">2<\/span><\/span><span class=\"wpcf7-list-item\"><input type=\"radio\" name=\"iakas\" value=\"3\" \/><span class=\"wpcf7-list-item-label\">3<\/span><\/span><span class=\"wpcf7-list-item\"><input type=\"radio\" name=\"iakas\" value=\"4\" \/><span class=\"wpcf7-list-item-label\">4<\/span><\/span><span class=\"wpcf7-list-item last\"><input type=\"radio\" name=\"iakas\" value=\"5\" \/><span class=\"wpcf7-list-item-label\">5<\/span><\/span><\/span><\/span>\n<\/p>\n<p>Nuori hahmo<br \/>\n<span class=\"wpcf7-form-control-wrap\" data-name=\"nuori\"><span class=\"wpcf7-form-control wpcf7-radio\"><span class=\"wpcf7-list-item first\"><input type=\"radio\" name=\"nuori\" value=\"1\" \/><span class=\"wpcf7-list-item-label\">1<\/span><\/span><span class=\"wpcf7-list-item\"><input type=\"radio\" name=\"nuori\" value=\"2\" \/><span class=\"wpcf7-list-item-label\">2<\/span><\/span><span class=\"wpcf7-list-item\"><input type=\"radio\" name=\"nuori\" value=\"3\" \/><span class=\"wpcf7-list-item-label\">3<\/span><\/span><span class=\"wpcf7-list-item\"><input type=\"radio\" name=\"nuori\" value=\"4\" \/><span class=\"wpcf7-list-item-label\">4<\/span><\/span><span class=\"wpcf7-list-item last\"><input type=\"radio\" name=\"nuori\" value=\"5\" \/><span class=\"wpcf7-list-item-label\">5<\/span><\/span><\/span><\/span>\n<\/p>\n<p>Parisuhteessa el\u00e4v\u00e4, perheellinen<br \/>\n<span class=\"wpcf7-form-control-wrap\" data-name=\"perhe\"><span class=\"wpcf7-form-control wpcf7-radio\"><span class=\"wpcf7-list-item first\"><input type=\"radio\" name=\"perhe\" value=\"1\" \/><span class=\"wpcf7-list-item-label\">1<\/span><\/span><span class=\"wpcf7-list-item\"><input type=\"radio\" name=\"perhe\" value=\"2\" \/><span class=\"wpcf7-list-item-label\">2<\/span><\/span><span class=\"wpcf7-list-item\"><input type=\"radio\" name=\"perhe\" value=\"3\" \/><span class=\"wpcf7-list-item-label\">3<\/span><\/span><span class=\"wpcf7-list-item\"><input type=\"radio\" name=\"perhe\" value=\"4\" \/><span class=\"wpcf7-list-item-label\">4<\/span><\/span><span class=\"wpcf7-list-item last\"><input type=\"radio\" name=\"perhe\" value=\"5\" \/><span class=\"wpcf7-list-item-label\">5<\/span><\/span><\/span><\/span>\n<\/p>\n<p>Romanttisessa suhteessa oleva<br \/>\n<span class=\"wpcf7-form-control-wrap\" data-name=\"romantiikkaa\"><span class=\"wpcf7-form-control wpcf7-radio\"><span class=\"wpcf7-list-item first\"><input type=\"radio\" name=\"romantiikkaa\" value=\"1\" \/><span class=\"wpcf7-list-item-label\">1<\/span><\/span><span class=\"wpcf7-list-item\"><input type=\"radio\" name=\"romantiikkaa\" value=\"2\" \/><span class=\"wpcf7-list-item-label\">2<\/span><\/span><span class=\"wpcf7-list-item\"><input type=\"radio\" name=\"romantiikkaa\" value=\"3\" \/><span class=\"wpcf7-list-item-label\">3<\/span><\/span><span class=\"wpcf7-list-item\"><input type=\"radio\" name=\"romantiikkaa\" value=\"4\" \/><span class=\"wpcf7-list-item-label\">4<\/span><\/span><span class=\"wpcf7-list-item last\"><input type=\"radio\" name=\"romantiikkaa\" value=\"5\" \/><span class=\"wpcf7-list-item-label\">5<\/span><\/span><\/span><\/span>\n<\/p>\n<p>Esill\u00e4 oleva hahmo<br \/>\n<span class=\"wpcf7-form-control-wrap\" data-name=\"esilla\"><span class=\"wpcf7-form-control wpcf7-radio\"><span class=\"wpcf7-list-item first\"><input type=\"radio\" name=\"esilla\" value=\"1\" \/><span class=\"wpcf7-list-item-label\">1<\/span><\/span><span class=\"wpcf7-list-item\"><input type=\"radio\" name=\"esilla\" value=\"2\" \/><span class=\"wpcf7-list-item-label\">2<\/span><\/span><span class=\"wpcf7-list-item\"><input type=\"radio\" name=\"esilla\" value=\"3\" \/><span class=\"wpcf7-list-item-label\">3<\/span><\/span><span class=\"wpcf7-list-item\"><input type=\"radio\" name=\"esilla\" value=\"4\" \/><span class=\"wpcf7-list-item-label\">4<\/span><\/span><span class=\"wpcf7-list-item last\"><input type=\"radio\" name=\"esilla\" value=\"5\" \/><span class=\"wpcf7-list-item-label\">5<\/span><\/span><\/span><\/span>\n<\/p>\n<p>Alisteisessa asemassa oleva<br \/>\n<span class=\"wpcf7-form-control-wrap\" data-name=\"alistettu\"><span class=\"wpcf7-form-control wpcf7-radio\"><span class=\"wpcf7-list-item first\"><input type=\"radio\" name=\"alistettu\" value=\"1\" \/><span class=\"wpcf7-list-item-label\">1<\/span><\/span><span class=\"wpcf7-list-item\"><input type=\"radio\" name=\"alistettu\" value=\"2\" \/><span class=\"wpcf7-list-item-label\">2<\/span><\/span><span class=\"wpcf7-list-item\"><input type=\"radio\" name=\"alistettu\" value=\"3\" \/><span class=\"wpcf7-list-item-label\">3<\/span><\/span><span class=\"wpcf7-list-item\"><input type=\"radio\" name=\"alistettu\" value=\"4\" \/><span class=\"wpcf7-list-item-label\">4<\/span><\/span><span class=\"wpcf7-list-item last\"><input type=\"radio\" name=\"alistettu\" value=\"5\" \/><span class=\"wpcf7-list-item-label\">5<\/span><\/span><\/span><\/span>\n<\/p>\n<p>Ik\u00e4v\u00e4 ihminen<br \/>\n<span class=\"wpcf7-form-control-wrap\" data-name=\"kelju\"><span class=\"wpcf7-form-control wpcf7-radio\"><span class=\"wpcf7-list-item first\"><input type=\"radio\" name=\"kelju\" value=\"1\" \/><span class=\"wpcf7-list-item-label\">1<\/span><\/span><span class=\"wpcf7-list-item\"><input type=\"radio\" name=\"kelju\" value=\"2\" \/><span class=\"wpcf7-list-item-label\">2<\/span><\/span><span class=\"wpcf7-list-item\"><input type=\"radio\" name=\"kelju\" value=\"3\" \/><span class=\"wpcf7-list-item-label\">3<\/span><\/span><span class=\"wpcf7-list-item\"><input type=\"radio\" name=\"kelju\" value=\"4\" \/><span class=\"wpcf7-list-item-label\">4<\/span><\/span><span class=\"wpcf7-list-item last\"><input type=\"radio\" name=\"kelju\" value=\"5\" \/><span class=\"wpcf7-list-item-label\">5<\/span><\/span><\/span><\/span>\n<\/p>\n<p>Tunnelmointihahmo<br \/>\n<span class=\"wpcf7-form-control-wrap\" data-name=\"tunnelmointi\"><span class=\"wpcf7-form-control wpcf7-radio\"><span class=\"wpcf7-list-item first\"><input type=\"radio\" name=\"tunnelmointi\" value=\"1\" \/><span class=\"wpcf7-list-item-label\">1<\/span><\/span><span class=\"wpcf7-list-item\"><input type=\"radio\" name=\"tunnelmointi\" value=\"2\" \/><span class=\"wpcf7-list-item-label\">2<\/span><\/span><span class=\"wpcf7-list-item\"><input type=\"radio\" name=\"tunnelmointi\" value=\"3\" \/><span class=\"wpcf7-list-item-label\">3<\/span><\/span><span class=\"wpcf7-list-item\"><input type=\"radio\" name=\"tunnelmointi\" value=\"4\" \/><span class=\"wpcf7-list-item-label\">4<\/span><\/span><span class=\"wpcf7-list-item last\"><input type=\"radio\" name=\"tunnelmointi\" value=\"5\" \/><span class=\"wpcf7-list-item-label\">5<\/span><\/span><\/span><\/span>\n<\/p>\n<p><br \/>\nBikinipimu<br \/>\n<span class=\"wpcf7-form-control-wrap\" data-name=\"bikinipimu\"><span class=\"wpcf7-form-control wpcf7-radio\"><span class=\"wpcf7-list-item first\"><input type=\"radio\" name=\"bikinipimu\" value=\"1\" \/><span class=\"wpcf7-list-item-label\">1<\/span><\/span><span class=\"wpcf7-list-item\"><input type=\"radio\" name=\"bikinipimu\" value=\"2\" \/><span class=\"wpcf7-list-item-label\">2<\/span><\/span><span class=\"wpcf7-list-item\"><input type=\"radio\" name=\"bikinipimu\" value=\"3\" \/><span class=\"wpcf7-list-item-label\">3<\/span><\/span><span class=\"wpcf7-list-item\"><input type=\"radio\" name=\"bikinipimu\" value=\"4\" \/><span class=\"wpcf7-list-item-label\">4<\/span><\/span><span class=\"wpcf7-list-item last\"><input type=\"radio\" name=\"bikinipimu\" value=\"5\" \/><span class=\"wpcf7-list-item-label\">5<\/span><\/span><\/span><\/span>\n<\/p>\n<p>Millaisia hahmoja tai tilanteita et halua pelata? Kerro my\u00f6s, jos on joku henkil\u00f6, jonka kanssa et mieluusti pelaa.\n<\/p>\n<p><span class=\"wpcf7-form-control-wrap\" data-name=\"ei_halua\"><textarea cols=\"40\" rows=\"10\" maxlength=\"2000\" class=\"wpcf7-form-control wpcf7-textarea\" aria-invalid=\"false\" name=\"ei_halua\"><\/textarea><\/span>\n<\/p>\n<p>Millaisia hahmoja tai tilanteita pelaat mielell\u00e4si?\n<\/p>\n<p><span class=\"wpcf7-form-control-wrap\" data-name=\"haluaa\"><textarea cols=\"40\" rows=\"10\" maxlength=\"2000\" class=\"wpcf7-form-control wpcf7-textarea\" aria-invalid=\"false\" name=\"haluaa\"><\/textarea><\/span>\n<\/p>\n<p>Lis\u00e4tietoja edellisiin, vapaamuotoisempi hahmotoive?\n<\/p>\n<p><span class=\"wpcf7-form-control-wrap\" data-name=\"lisatietoa\"><textarea cols=\"40\" rows=\"10\" maxlength=\"2000\" class=\"wpcf7-form-control wpcf7-textarea\" aria-invalid=\"false\" name=\"lisatietoa\"><\/textarea><\/span>\n<\/p>\n<p>Jos k\u00e4y niin, ett\u00e4 et mahdu peliin, laitammeko sinut jonotuslistalle (ja ilmoitamme mahdollisista peruutuspaikoista)?\n<\/p>\n<p><span class=\"wpcf7-form-control-wrap\" data-name=\"jonoon\"><span class=\"wpcf7-form-control wpcf7-checkbox wpcf7-exclusive-checkbox\"><span class=\"wpcf7-list-item first\"><input type=\"checkbox\" name=\"jonoon\" value=\"Kyll\u00e4\" \/><span class=\"wpcf7-list-item-label\">Kyll\u00e4<\/span><\/span><span class=\"wpcf7-list-item last\"><input type=\"checkbox\" name=\"jonoon\" value=\"Ei\" \/><span class=\"wpcf7-list-item-label\">Ei<\/span><\/span><\/span><\/span>\n<\/p>\n<p>Muuta?\n<\/p>\n<p><span class=\"wpcf7-form-control-wrap\" data-name=\"muuta\"><textarea cols=\"40\" rows=\"10\" maxlength=\"2000\" class=\"wpcf7-form-control wpcf7-textarea\" aria-invalid=\"false\" name=\"muuta\"><\/textarea><\/span>\n<\/p>\n<p><input class=\"wpcf7-form-control wpcf7-submit has-spinner\" type=\"submit\" value=\"L\u00e4het\u00e4\" \/>\n<\/p><div class=\"wpcf7-response-output\" aria-hidden=\"true\"><\/div>\n<\/form>\n<\/div>\n\n<p>&nbsp;<\/p>\n","protected":false},"excerpt":{"rendered":"<p>Hahmojako on nyt suoritettu, ja peli on t\u00e4ynn\u00e4. Jonoon tai npc-pelaajaksi voi edelleen ilmoittautua. &nbsp;<\/p>\n","protected":false},"author":1,"featured_media":0,"parent":0,"menu_order":0,"comment_status":"closed","ping_status":"closed","template":"","meta":{"footnotes":""},"class_list":["post-14","page","type-page","status-publish","hentry"],"_links":{"self":[{"href":"http:\/\/www.rubiini.org\/luchalibre\/wp-json\/wp\/v2\/pages\/14","targetHints":{"allow":["GET"]}}],"collection":[{"href":"http:\/\/www.rubiini.org\/luchalibre\/wp-json\/wp\/v2\/pages"}],"about":[{"href":"http:\/\/www.rubiini.org\/luchalibre\/wp-json\/wp\/v2\/types\/page"}],"author":[{"embeddable":true,"href":"http:\/\/www.rubiini.org\/luchalibre\/wp-json\/wp\/v2\/users\/1"}],"replies":[{"embeddable":true,"href":"http:\/\/www.rubiini.org\/luchalibre\/wp-json\/wp\/v2\/comments?post=14"}],"version-history":[{"count":0,"href":"http:\/\/www.rubiini.org\/luchalibre\/wp-json\/wp\/v2\/pages\/14\/revisions"}],"wp:attachment":[{"href":"http:\/\/www.rubiini.org\/luchalibre\/wp-json\/wp\/v2\/media?parent=14"}],"curies":[{"name":"wp","href":"https:\/\/api.w.org\/{rel}","templated":true}]}}