{"id":16,"date":"2011-04-13T10:45:07","date_gmt":"2011-04-13T10:45:07","guid":{"rendered":"http:\/\/www.rubiini.org\/luchalibre\/?page_id=16"},"modified":"2017-08-02T19:27:12","modified_gmt":"2017-08-02T19:27:12","slug":"info","status":"publish","type":"page","link":"http:\/\/www.rubiini.org\/luchalibre\/info","title":{"rendered":"Info"},"content":{"rendered":"<p><strong><span style=\"font-family: Times New Roman,serif;\">\u00a1<\/span>Lucha Libre! Kovaa menoa Meksikossa<\/strong> pelataan lauantaina 27.8.2011 <a href=\"http:\/\/www.kolumbus.fi\/al.tamminen\/\" target=\"_blank\" rel=\"noopener\">Ker\u00e4kankareen urheilumajalla Pusulassa<\/a>, noin 70 km Helsingist\u00e4. Peli sijoittuu ajattomaan vanhan hyv\u00e4n ajan Meksikoon, jossa sombrerot ovat suuria ja aasit \u00e4k\u00e4isi\u00e4, se\u00f1oritat pesev\u00e4t autoja minimittaisissa shortseissaan,\u00a0 ja jokainen naamioitunut trikoopukuinen vapaapainija on yleis\u00f6n sankari. Hahmot ovat El Pulpiton pikkukyl\u00e4n ja sen l\u00e4hialueiden asukkaita, autonkorjaajia, vapaustaistelijoita ja huumeparonin k\u00e4tyreit\u00e4, jotka ovat viett\u00e4m\u00e4ss\u00e4 riehakasta vapaailtaa kyl\u00e4\u00e4n saapunutta vapaapainishow&#8217;ta katsellen.<\/p>\n<p>Pelin kesto on iltap\u00e4iv\u00e4st\u00e4 iltaan, pelaajia otetaan noin 40 ja pelimaksu on 20 euroa Harmaasudet ry:n j\u00e4senille, 22 euroa muille. Pelin s\u00e4\u00e4nt\u00f6j\u00e4rjestelm\u00e4n\u00e4 sovelletaan suuremman draaman s\u00e4\u00e4nt\u00f6\u00e4 ja tervett\u00e4 j\u00e4rke\u00e4. Pelin ik\u00e4raja on 16 vuotta.<\/p>\n<p><strong>Pelimaksu<\/strong><\/p>\n<p>Lucha Libren pelimaksu on 20 euroa Harmaasudet ry:n j\u00e4senille, 22 euroa muille.<\/p>\n<p><strong>Pelipaikka ja aikataulu<\/strong><\/p>\n<p>Pelipaikka on <a href=\"http:\/\/www.kolumbus.fi\/al.tamminen\/\" target=\"_blank\" rel=\"noopener\">Ker\u00e4kankareen urheilumaja Pusulassa<\/a>, noin 70 kilometri\u00e4 Helsingist\u00e4. Paikalle p\u00e4\u00e4see ehdottomasti helpoiten autolla &#8211; kyytej\u00e4 voi l\u00e4hemp\u00e4n\u00e4 peli\u00e4 kysell\u00e4 pelaajalistalla. Jenkkiraudat, moottoripy\u00f6r\u00e4t, maasturit ja muut riitt\u00e4v\u00e4n siistit tai k\u00e4m\u00e4iset autot voivat olla my\u00f6s ingame peliss\u00e4, muut parkkeerataan v\u00e4h\u00e4n sivummalle.<\/p>\n<p><strong>Ajo-ohje Helsingin suunnasta:<\/strong><\/p>\n<p>Aja Turun moottoritiet\u00e4 kohti Turkua. J\u00e4\u00e4 moottoritielt\u00e4 ennen Lohjaa pois, ns Myllylammen liittym\u00e4st\u00e4 (Kyltiss\u00e4 SOMERO, SAUKKOLA) vanhalle Turuntielle, tie nro 110 ja jatka sit\u00e4 pitkin kohti Turkua. T\u00e4t\u00e4 tiet\u00e4 ajat eteenp\u00e4in reilut 12 kilometri\u00e4, yli Hiidenveden sillan, kunnes k\u00e4\u00e4nnyt oikealle kohti PUSULAA ja SOMEROA tielle 280 (risteyksess\u00e4 on k\u00e4lyinen bensa-asema). Sit\u00e4 tiet\u00e4 ajelet sitten noin 14 kilometri\u00e4, kunnes pari kilometri\u00e4 Hy\u00f6n\u00f6l\u00e4n (jossa maamerkkin\u00e4 Brynolf Poutasen K-kauppa) j\u00e4lkeen rupeat kytt\u00e4\u00e4m\u00e4\u00e4n oikealle k\u00e4\u00e4ntyv\u00e4\u00e4 pient\u00e4 Veikontiet\u00e4, jonka risteyksess\u00e4 tienviitta KER\u00c4KANKAREEN HIIHTOKESKUS. Viimeinen kilometri ajetaan t\u00e4t\u00e4 hiekkatiet\u00e4, varo marjastajia, muiden pelaajien autoja ja maansortumia.<\/p>\n<p>Navigaattori ei v\u00e4ltt\u00e4m\u00e4tt\u00e4 tunne Veikontiet\u00e4, Google maps ei ainakaan. Koordinaatit N 6709808 E 330289.<\/p>\n<p>Pelip\u00e4iv\u00e4 on la 27.8.2011. Pelin kesto on iltap\u00e4iv\u00e4st\u00e4 my\u00f6hemp\u00e4\u00e4n iltaan, pelipaikalla tulisi olla klo 12 menness\u00e4. Pelipaikalla on mahdollista y\u00f6py\u00e4 lattiamajoituksessa tai ulkona laavussa, mutta tilaa ei ole kovin paljon. Jos haluat j\u00e4\u00e4d\u00e4 paikalle sunnuntaihin asti, kerro asiasta etuk\u00e4teen pelinjohdolle.<\/p>\n<p>&nbsp;<\/p>\n","protected":false},"excerpt":{"rendered":"<p>\u00a1Lucha Libre! Kovaa menoa Meksikossa pelataan lauantaina 27.8.2011 Ker\u00e4kankareen urheilumajalla Pusulassa, noin 70 km Helsingist\u00e4. Peli sijoittuu ajattomaan vanhan hyv\u00e4n ajan Meksikoon, jossa sombrerot ovat suuria ja aasit \u00e4k\u00e4isi\u00e4, se\u00f1oritat&#8230; <a class=\"xs-entry-read-more\" href=\"http:\/\/www.rubiini.org\/luchalibre\/info\">Read more &raquo;<\/a><\/p>\n","protected":false},"author":1,"featured_media":0,"parent":0,"menu_order":0,"comment_status":"closed","ping_status":"closed","template":"","meta":{"footnotes":""},"class_list":["post-16","page","type-page","status-publish","hentry"],"_links":{"self":[{"href":"http:\/\/www.rubiini.org\/luchalibre\/wp-json\/wp\/v2\/pages\/16","targetHints":{"allow":["GET"]}}],"collection":[{"href":"http:\/\/www.rubiini.org\/luchalibre\/wp-json\/wp\/v2\/pages"}],"about":[{"href":"http:\/\/www.rubiini.org\/luchalibre\/wp-json\/wp\/v2\/types\/page"}],"author":[{"embeddable":true,"href":"http:\/\/www.rubiini.org\/luchalibre\/wp-json\/wp\/v2\/users\/1"}],"replies":[{"embeddable":true,"href":"http:\/\/www.rubiini.org\/luchalibre\/wp-json\/wp\/v2\/comments?post=16"}],"version-history":[{"count":0,"href":"http:\/\/www.rubiini.org\/luchalibre\/wp-json\/wp\/v2\/pages\/16\/revisions"}],"wp:attachment":[{"href":"http:\/\/www.rubiini.org\/luchalibre\/wp-json\/wp\/v2\/media?parent=16"}],"curies":[{"name":"wp","href":"https:\/\/api.w.org\/{rel}","templated":true}]}}